{"id":2504,"date":"2018-03-17T00:57:40","date_gmt":"2018-03-16T23:57:40","guid":{"rendered":"http:\/\/www.spielmobil-konz.de\/?page_id=2504"},"modified":"2018-03-18T00:19:15","modified_gmt":"2018-03-17T23:19:15","slug":"kinderfestival-erlebte-ansturm-2","status":"publish","type":"page","link":"https:\/\/www.spielmobil-konz.de\/?page_id=2504","title":{"rendered":"Kinderfestival erlebte Ansturm"},"content":{"rendered":"<hr \/>\n<p><strong>Der Konzer Marktplatz, die Pl\u00e4tze hinter den Verwaltungsgeb\u00e4uden I und II, sowie der Saar-Mosel-Platz erlebten einen nicht geahnten Ansturm von Kindern und Erwachsenen.<\/strong><\/p>\n<p><img loading=\"lazy\" decoding=\"async\" class=\"alignnone size-full wp-image-2505 aligncenter\" src=\"http:\/\/www.spielmobil-konz.de\/wp-content\/uploads\/2018\/03\/2015.09.30_TV.jpg\" alt=\"\" width=\"628\" height=\"421\" srcset=\"https:\/\/www.spielmobil-konz.de\/wp-content\/uploads\/2018\/03\/2015.09.30_TV.jpg 628w, https:\/\/www.spielmobil-konz.de\/wp-content\/uploads\/2018\/03\/2015.09.30_TV-250x168.jpg 250w, https:\/\/www.spielmobil-konz.de\/wp-content\/uploads\/2018\/03\/2015.09.30_TV-300x201.jpg 300w, https:\/\/www.spielmobil-konz.de\/wp-content\/uploads\/2018\/03\/2015.09.30_TV-500x335.jpg 500w\" sizes=\"(max-width: 628px) 100vw, 628px\" \/><\/p>\n<hr \/>\n<p>Es kamen mehrere Tausend Besucher aus der ganzen Region. An allen Spielst\u00e4dten mussten die Kinder Schlange stehen, bis sie an der Reihe waren. Auf der B\u00fchne vor dem Rathaus konnten die zahlreichen Tanzgruppen vom Haus der Jugend die Besucher mit ihren T\u00e4nzen erfreuen. Zwischendurch hie\u00df es dann Lach- und Sachgeschichten mit der Maus. Der Platz rund um die B\u00fchne war dann \u00fcberf\u00fcllt. Bereits die Kleinsten jubelten der Maus und ihren Begleitern zu, wie auch gr\u00f6\u00dfere Kinder und die Erwachsenen.<\/p>\n<p>Ob Torwandschie\u00dfen, im Kunststoffbeh\u00e4lter die Rollen hinunter rutschen, im Ball durch das Wasser rollen oder mit dem Tretboot \u00fcber das Wasser fahren. Es gab so viele verschiedene Angebote f\u00fcr die Kinder, dass die Eltern manchmal nicht wussten wo zuerst angefangen werden sollte. Das eine Kind wollte unbedingt die Maus sehen, w\u00e4hrend das andere Kinder lieber im gro\u00dfen Sandkasten von Volvo spielen wollte. Dort gab es Spielger\u00e4te, wie der Bagger, mit dem man richtig im Sand buddeln konnte. Es waren aber auch zahlreiche Verkaufsst\u00e4nde und Buden auf und um den Marktplatz zu finden.<\/p>\n<p>Viele Kinder waren auch auf dem Saar-Mosel-Platz zu finden. Besonders die gro\u00dfen Bausteine hatten es vielen Kinder angetan. F\u00fcr das leibliche Wohl war auf allen Pl\u00e4tzen gut gesorgt. Dietmar Grundheber, als Veranstalter von Junetko, war sehr zu frieden.<\/p>\n<p>Jerry Muno war mit seiner Familie aus Nittel zum Kinderfestival gekommen. Eigentlich sollte der Ausflug an einen anderen Ort gehen, doch nun res\u00fcmiert der Familienvater: &#8220;Gut, dass wir hierher gefahren sind, gerade am Weltkindertag.&#8221; Der Vorsitzende der Konzer Doktor-B\u00fcrgerstiftung, Hartmut Schwiering, sagt: &#8220;Hier zeigt Konz sein wahres Gesicht als kinder- und familienfreundliche Stadt.&#8221;<\/p>\n<p>Noch begeisterter ist der Vorsitzende des Konzer Stadtmarketingvereins, Ernst Holbach: &#8220;Das ist bislang der gr\u00f6\u00dfte Erfolg des Kinderfestivals und ein Riesenspa\u00df f\u00fcr Gro\u00df und Klein.&#8221; Das Kinderfestival sei ein Gewinn f\u00fcr Kinder, Familien und Gesch\u00e4fte.<\/p>\n<p>Konder Rundschau vom 30.09.2015<\/p>\n","protected":false},"excerpt":{"rendered":"<p>Der Konzer Marktplatz, die Pl\u00e4tze hinter den Verwaltungsgeb\u00e4uden I und II, sowie der Saar-Mosel-Platz erlebten einen nicht geahnten Ansturm von Kindern und Erwachsenen. Es kamen mehrere Tausend Besucher aus der ganzen Region. An allen Spielst\u00e4dten mussten die Kinder Schlange stehen, bis sie an der Reihe waren. Auf der B\u00fchne vor dem Rathaus konnten die zahlreichen [&hellip;]<\/p>\n","protected":false},"author":4,"featured_media":0,"parent":238,"menu_order":0,"comment_status":"closed","ping_status":"closed","template":"","meta":{"footnotes":""},"_links":{"self":[{"href":"https:\/\/www.spielmobil-konz.de\/index.php?rest_route=\/wp\/v2\/pages\/2504"}],"collection":[{"href":"https:\/\/www.spielmobil-konz.de\/index.php?rest_route=\/wp\/v2\/pages"}],"about":[{"href":"https:\/\/www.spielmobil-konz.de\/index.php?rest_route=\/wp\/v2\/types\/page"}],"author":[{"embeddable":true,"href":"https:\/\/www.spielmobil-konz.de\/index.php?rest_route=\/wp\/v2\/users\/4"}],"replies":[{"embeddable":true,"href":"https:\/\/www.spielmobil-konz.de\/index.php?rest_route=%2Fwp%2Fv2%2Fcomments&post=2504"}],"version-history":[{"count":1,"href":"https:\/\/www.spielmobil-konz.de\/index.php?rest_route=\/wp\/v2\/pages\/2504\/revisions"}],"predecessor-version":[{"id":2507,"href":"https:\/\/www.spielmobil-konz.de\/index.php?rest_route=\/wp\/v2\/pages\/2504\/revisions\/2507"}],"up":[{"embeddable":true,"href":"https:\/\/www.spielmobil-konz.de\/index.php?rest_route=\/wp\/v2\/pages\/238"}],"wp:attachment":[{"href":"https:\/\/www.spielmobil-konz.de\/index.php?rest_route=%2Fwp%2Fv2%2Fmedia&parent=2504"}],"curies":[{"name":"wp","href":"https:\/\/api.w.org\/{rel}","templated":true}]}}