{"id":2500,"date":"2018-03-17T00:54:19","date_gmt":"2018-03-16T23:54:19","guid":{"rendered":"http:\/\/www.spielmobil-konz.de\/?page_id=2500"},"modified":"2018-03-17T00:54:19","modified_gmt":"2018-03-16T23:54:19","slug":"spass-mit-dem-spielmobil-konz","status":"publish","type":"page","link":"https:\/\/www.spielmobil-konz.de\/?page_id=2500","title":{"rendered":"Spa\u00df mit dem Spielmobil Konz"},"content":{"rendered":"<hr \/>\n<p><img loading=\"lazy\" decoding=\"async\" class=\"wp-image-2501 aligncenter\" src=\"http:\/\/www.spielmobil-konz.de\/wp-content\/uploads\/2018\/03\/2015.09.28_TV1-300x200.jpg\" alt=\"\" width=\"500\" height=\"333\" srcset=\"https:\/\/www.spielmobil-konz.de\/wp-content\/uploads\/2018\/03\/2015.09.28_TV1-300x200.jpg 300w, https:\/\/www.spielmobil-konz.de\/wp-content\/uploads\/2018\/03\/2015.09.28_TV1-300x200-250x167.jpg 250w\" sizes=\"(max-width: 500px) 100vw, 500px\" \/><\/p>\n<hr \/>\n<p><strong>Feuerrot ja, aber bei weitem nicht nur: Das Spielmobil des Vereins Jugendnetzwerk Konz ist beim TV-Leserfest einer echter Renner f\u00fcr Kinder aller Altersklassen.<\/strong><\/p>\n<p>Wer beim Spielmobil an Kinderkram f\u00fcr bis Achtj\u00e4hrige denkt, liegt komplett falsch. &#8220;Selbst ich mit meinen fast 14 Jahren hab schon bei fast allen Stationen mitgemacht&#8221;, staunt Emma Reichert (hat am 5. Oktober Geburtstag) aus Trier-S\u00fcd angesichts des \u00fcppigen und spannenden Angebots. Lediglich den Bobbycar-Parcours hat sie ausgelassen: &#8220;Das w\u00e4re jetzt doch ein bisschen kindisch f\u00fcr mich.&#8221; Auch Emmas neunj\u00e4hrige Schwester Johanna (9) macht einen gro\u00dfen Bogen um den Rundkurs f\u00fcr die sechs Bobbycars, macht aber sonst an allen sechs \u00fcbrigen Stationen eifrig mit. Selbst beim Tigerenten-Rodeo ist sie mit von der Partie. Wie auch viele Jugendliche. &#8220;Der gro\u00dfe Renner sind die Mal- und Kreativangebote&#8221;, berichtet Fairous Chabbi (32), Leiterin des zehnk\u00f6pfigen Spielmobil-Teams, das beim Leserfest \u00fcber &#8220;Besch\u00e4ftigungsmangel nicht klagen kann. Die Kinder halten uns ganz sch\u00f6n auf Trab &#8211; und wir sie auch, spielerisch wohlgemerkt.&#8221;<\/p>\n<p>\u00dcberhaupt ist das Spielmobil (<a title=\"Spielmobil Konz\" href=\"http:\/\/www.spielmobil-konz.de\" target=\"_blank\" rel=\"noopener noreferrer\">www.spielmobil-konz.de<\/a>) in der Region ein gro\u00dfer Renner und zum Beispiel an allen Sonntagen des Bungert-Oktoberfests (bis 31. Oktober) in Wittlich dabei. rm.<\/p>\n<p>Trierischer Volksfreund vom 28.09.2015<\/p>\n","protected":false},"excerpt":{"rendered":"<p>Feuerrot ja, aber bei weitem nicht nur: Das Spielmobil des Vereins Jugendnetzwerk Konz ist beim TV-Leserfest einer echter Renner f\u00fcr Kinder aller Altersklassen. Wer beim Spielmobil an Kinderkram f\u00fcr bis Achtj\u00e4hrige denkt, liegt komplett falsch. &#8220;Selbst ich mit meinen fast 14 Jahren hab schon bei fast allen Stationen mitgemacht&#8221;, staunt Emma Reichert (hat am 5. [&hellip;]<\/p>\n","protected":false},"author":4,"featured_media":0,"parent":238,"menu_order":0,"comment_status":"closed","ping_status":"closed","template":"","meta":{"footnotes":""},"_links":{"self":[{"href":"https:\/\/www.spielmobil-konz.de\/index.php?rest_route=\/wp\/v2\/pages\/2500"}],"collection":[{"href":"https:\/\/www.spielmobil-konz.de\/index.php?rest_route=\/wp\/v2\/pages"}],"about":[{"href":"https:\/\/www.spielmobil-konz.de\/index.php?rest_route=\/wp\/v2\/types\/page"}],"author":[{"embeddable":true,"href":"https:\/\/www.spielmobil-konz.de\/index.php?rest_route=\/wp\/v2\/users\/4"}],"replies":[{"embeddable":true,"href":"https:\/\/www.spielmobil-konz.de\/index.php?rest_route=%2Fwp%2Fv2%2Fcomments&post=2500"}],"version-history":[{"count":1,"href":"https:\/\/www.spielmobil-konz.de\/index.php?rest_route=\/wp\/v2\/pages\/2500\/revisions"}],"predecessor-version":[{"id":2502,"href":"https:\/\/www.spielmobil-konz.de\/index.php?rest_route=\/wp\/v2\/pages\/2500\/revisions\/2502"}],"up":[{"embeddable":true,"href":"https:\/\/www.spielmobil-konz.de\/index.php?rest_route=\/wp\/v2\/pages\/238"}],"wp:attachment":[{"href":"https:\/\/www.spielmobil-konz.de\/index.php?rest_route=%2Fwp%2Fv2%2Fmedia&parent=2500"}],"curies":[{"name":"wp","href":"https:\/\/api.w.org\/{rel}","templated":true}]}}