{"id":247,"date":"2015-12-14T09:17:06","date_gmt":"2015-12-14T09:17:06","guid":{"rendered":"http:\/\/entwicklung.spielmobil-konz.de\/wordpress\/?page_id=247"},"modified":"2018-04-20T23:01:24","modified_gmt":"2018-04-20T21:01:24","slug":"impressum","status":"publish","type":"page","link":"https:\/\/www.spielmobil-konz.de\/?page_id=247","title":{"rendered":"Impressum"},"content":{"rendered":"<h1>Impressum<\/h1>\n<table style=\"height: 14px;\" border=\"0\" width=\"845\" cellspacing=\"0\" cellpadding=\"0\">\n<tbody>\n<tr style=\"height: 48px;\">\n<td style=\"width: 250px; vertical-align: top; height: 48px;\">Tr\u00e4gerverein:<\/td>\n<td style=\"vertical-align: top; height: 48px;\" colspan=\"2\">Das Spielmobil Konz ist eine Einrichtung in Tr\u00e4gerschaft des <a href=\"http:\/\/www.junetko.de\" target=\"_blank\" rel=\"noopener\"><strong><span style=\"font-size: 16px;\">Jugendnetzwerkes Konz <\/span>e.V.<\/strong><\/a><\/td>\n<\/tr>\n<tr style=\"height: 24px;\">\n<td style=\"height: 24px;\">Gesch\u00e4ftsstelle:<\/td>\n<td style=\"height: 24px;\" colspan=\"2\">Olkstra\u00dfe 45\u00a0<\/td>\n<\/tr>\n<tr style=\"height: 24.8667px;\">\n<td style=\"height: 24.8667px;\">\u00a0<\/td>\n<td style=\"height: 24.8667px;\" colspan=\"2\">54329 Konz\u00a0<\/td>\n<\/tr>\n<tr style=\"height: 24px;\">\n<td style=\"height: 24px;\">\u00a0<\/td>\n<td style=\"width: 60px; height: 24px;\" valign=\"top\">Tel.:<\/td>\n<td style=\"height: 24px;\" valign=\"top\">\u00a006501 &#8211; 94050<\/td>\n<\/tr>\n<tr style=\"height: 24px;\">\n<td style=\"height: 24px;\">\u00a0<\/td>\n<td style=\"height: 24px;\">Fax:<\/td>\n<td style=\"height: 24px;\">\u00a006501 &#8211; 940 555<\/td>\n<\/tr>\n<tr style=\"height: 24px;\">\n<td style=\"height: 24px;\">\u00a0<\/td>\n<td style=\"height: 24px;\">Email:<\/td>\n<td style=\"height: 24px;\">info@junetko.de<\/td>\n<\/tr>\n<tr style=\"height: 10px;\">\n<td style=\"height: 10px;\">Logistk- &amp; Abholcenter:<\/td>\n<td style=\"height: 10px;\" colspan=\"2\">Gewerbegebiet Konz-K\u00f6nen<\/td>\n<\/tr>\n<tr style=\"height: 10px;\">\n<td style=\"height: 10px;\">\u00a0<\/td>\n<td style=\"height: 10px;\" colspan=\"2\">Otto-Hahn-Str. 1 in 54329 Konz-K\u00f6nen<\/td>\n<\/tr>\n<tr style=\"height: 24px;\">\n<td style=\"height: 24px; vertical-align: top;\">\n<div>Vertretungsberechtigter Vorstand:<\/div>\n<\/td>\n<td style=\"height: 24px; vertical-align: top;\" colspan=\"2\" valign=\"top\">Guido Wacht (Vorsitzender des Tr\u00e4gervereins)<\/td>\n<\/tr>\n<tr style=\"height: 24px;\">\n<td style=\"height: 24px;\">Registernummer:<\/td>\n<td style=\"height: 24px;\" colspan=\"2\">Amtsgericht Wittlich<\/td>\n<\/tr>\n<tr style=\"height: 24px;\">\n<td style=\"height: 24px;\">Gesch\u00e4ftsf\u00fchrer:<\/td>\n<td style=\"height: 24px;\" colspan=\"2\">Dietmar Grundheber<\/td>\n<\/tr>\n<tr style=\"height: 24px;\">\n<td style=\"height: 24px; vertical-align: top;\">Inhaltlich Verantwortlicher<br \/>\ngem\u00e4\u00df \u00a7 10 Abs. 3 MDStV:<\/td>\n<td style=\"height: 24px; vertical-align: top;\" colspan=\"2\" valign=\"top\">Dietmar Grundheber<\/td>\n<\/tr>\n<tr style=\"height: 24px;\">\n<td style=\"height: 24px;\" colspan=\"3\">\u00a0<\/td>\n<\/tr>\n<tr style=\"height: 24px;\">\n<td style=\"height: 24px;\" colspan=\"3\"><span style=\"text-decoration: underline;\">Haftungshinweis:<\/span><\/td>\n<\/tr>\n<tr style=\"height: 48px;\">\n<td style=\"height: 48px;\" colspan=\"3\">\n<div>Trotz sorgf\u00e4ltiger inhaltlicher Kontrolle \u00fcbernehmen wir keine Haftung f\u00fcr die Inhalte externer Links. F\u00fcr den Inhalt der verlinkten Seiten sind ausschlie\u00dflich deren Betreiber verantwortlich.<\/div>\n<\/td>\n<\/tr>\n<\/tbody>\n<\/table>\n<p>&nbsp;<\/p>\n","protected":false},"excerpt":{"rendered":"<p>Impressum Tr\u00e4gerverein: Das Spielmobil Konz ist eine Einrichtung in Tr\u00e4gerschaft des Jugendnetzwerkes Konz e.V. Gesch\u00e4ftsstelle: Olkstra\u00dfe 45\u00a0 \u00a0 54329 Konz\u00a0 \u00a0 Tel.: \u00a006501 &#8211; 94050 \u00a0 Fax: \u00a006501 &#8211; 940 555 \u00a0 Email: info@junetko.de Logistk- &amp; Abholcenter: Gewerbegebiet Konz-K\u00f6nen \u00a0 Otto-Hahn-Str. 1 in 54329 Konz-K\u00f6nen Vertretungsberechtigter Vorstand: Guido Wacht (Vorsitzender des Tr\u00e4gervereins) Registernummer: Amtsgericht Wittlich [&hellip;]<\/p>\n","protected":false},"author":1,"featured_media":0,"parent":0,"menu_order":0,"comment_status":"closed","ping_status":"closed","template":"","meta":{"footnotes":""},"_links":{"self":[{"href":"https:\/\/www.spielmobil-konz.de\/index.php?rest_route=\/wp\/v2\/pages\/247"}],"collection":[{"href":"https:\/\/www.spielmobil-konz.de\/index.php?rest_route=\/wp\/v2\/pages"}],"about":[{"href":"https:\/\/www.spielmobil-konz.de\/index.php?rest_route=\/wp\/v2\/types\/page"}],"author":[{"embeddable":true,"href":"https:\/\/www.spielmobil-konz.de\/index.php?rest_route=\/wp\/v2\/users\/1"}],"replies":[{"embeddable":true,"href":"https:\/\/www.spielmobil-konz.de\/index.php?rest_route=%2Fwp%2Fv2%2Fcomments&post=247"}],"version-history":[{"count":1,"href":"https:\/\/www.spielmobil-konz.de\/index.php?rest_route=\/wp\/v2\/pages\/247\/revisions"}],"predecessor-version":[{"id":2540,"href":"https:\/\/www.spielmobil-konz.de\/index.php?rest_route=\/wp\/v2\/pages\/247\/revisions\/2540"}],"wp:attachment":[{"href":"https:\/\/www.spielmobil-konz.de\/index.php?rest_route=%2Fwp%2Fv2%2Fmedia&parent=247"}],"curies":[{"name":"wp","href":"https:\/\/api.w.org\/{rel}","templated":true}]}}