{"id":2184,"date":"2017-12-19T11:50:52","date_gmt":"2017-12-19T10:50:52","guid":{"rendered":"http:\/\/www.spielmobil-konz.de\/?page_id=2184"},"modified":"2020-01-14T11:53:30","modified_gmt":"2020-01-14T10:53:30","slug":"startseite","status":"publish","type":"page","link":"https:\/\/www.spielmobil-konz.de\/","title":{"rendered":"Startseite"},"content":{"rendered":"<p><!--?php echo do_shortcode('[product_category category=\u201ca-z\u201c]')?--><\/p>\n<h3>HERZLICH WILLKOMMEN beim Spielmobil Konz<\/h3>\n<script type=\"text\/javascript\">\r\ndocument.addEventListener(\"DOMContentLoaded\", function(event) { \r\n\tjQuery( '#slider-pro-3-2264' ).sliderPro({\r\n\t\t\/\/width\r\n\t\t\t\twidth: 1000,\r\n\t\t\t\t\r\n\t\t\/\/height\r\n\t\t\t\theight: 500,\r\n\t\t\t\t\r\n\t\t\/\/auto play\r\n\t\t\t\tautoplay:  true,\r\n\t\tautoplayOnHover: 'none',\r\n\t\t\t\t\t\t\t\tautoplayDelay: 5000,\r\n\t\t\r\n\t\t\r\n\t\tarrows: true,\r\n\t\tbuttons: true,\r\n\t\tsmallSize: 500,\r\n\t\tmediumSize: 1000,\r\n\t\tlargeSize: 3000,\r\n\t\tfade: true,\r\n\t\t\r\n\t\t\/\/thumbnail\r\n\t\tthumbnailArrows: true,\r\n\t\tthumbnailWidth: 120,\r\n\t\tthumbnailHeight: 120,\r\n\t\t\t\t\t\tthumbnailsPosition: 'bottom',\r\n\t\t\t\t\t\tcenterImage: true,\r\n\t\timageScaleMode: 'cover',\r\n\t\tallowScaleUp: true,\r\n\t\t\t\tstartSlide: 0,\r\n\t\tloop: true,\r\n\t\tslideDistance: 5,\r\n\t\tautoplayDirection: 'normal',\r\n\t\ttouchSwipe: true,\r\n\t\tfullScreen: true,\r\n\t});\r\n});\r\n<\/script>\r\n<style>\r\n\/* Layout 3 *\/\r\n\/* border *\/\r\n#slider-pro-3-2264 .sp-selected-thumbnail {\r\n\tborder: 4px solid #000000;\r\n}\r\n\r\n\/* font + color *\/\r\n.title-in  {\r\n\tfont-family: Arial !important;\r\n\tcolor: #FFFFFF !important;\r\n\tbackground-color: #000000 !important;\r\n\topacity: 0.7 !important;\r\n}\r\n.desc-in  {\r\n\tfont-family: Arial !important;\r\n\tcolor: #FFFFFF !important;\r\n\tbackground-color: #00000 !important;\r\n\topacity: 0.7 !important;\r\n}\r\n\r\n\/* bullets color *\/\r\n.sp-button  {\r\n\tborder: 2px solid #000000 !important;\r\n}\r\n.sp-selected-button  {\r\n\tbackground-color: #000000 !important;\r\n}\r\n\r\n\/* pointer color - bottom *\/\r\n.sp-selected-thumbnail::before {\r\n\tborder-bottom: 5px solid #000000 !important;\r\n}\r\n.sp-selected-thumbnail::after {\r\n\tborder-bottom: 13px solid #000000 !important;\r\n}\r\n\r\n\/* pointer color - top *\/\r\n\r\n\/* full screen icon *\/\r\n.sp-full-screen-button::before {\r\n    color: #FFFFFF !important;\r\n}\r\n\r\n\/* hover navigation icon color *\/\r\n.sp-next-arrow::after, .sp-next-arrow::before {\r\n\tbackground-color: #FFFFFF !important;\r\n}\r\n.sp-previous-arrow::after, .sp-previous-arrow::before {\r\n\tbackground-color: #FFFFFF !important;\r\n}\r\n\r\n#slider-pro-3-2264 .title-in {\r\n\tcolor: #FFFFFF !important;\r\n\tfont-weight: bolder;\r\n\ttext-align: center;\r\n}\r\n\r\n#slider-pro-3-2264 .title-in-bg {\r\n\tbackground: rgba(255, 255, 255, 0.7); !important;\r\n\twhite-space: unset !important;\r\n\tmax-width: 90%;\r\n\tmin-width: 40%;\r\n\ttransform: initial !important;\r\n\t-webkit-transform: initial !important;\r\n\tfont-size: 14px !important;\r\n}\r\n\r\n#slider-pro-3-2264 .desc-in {\r\n\tcolor: #FFFFFF !important;\r\n\ttext-align: center;\r\n}\r\n#slider-pro-3-2264 .desc-in-bg {\r\n\tbackground: rgba(#00000, 0.7) !important;\r\n\twhite-space: unset !important;\r\n\twidth: 80% !important;\r\n\tmin-width: 30%;\r\n\ttransform: initial !important;\r\n\t-webkit-transform: initial !important;\r\n\tfont-size: 13px !important;\r\n}\r\n\r\n@media (max-width: 640px) {\r\n\t#slider-pro-3-2264 .hide-small-screen {\r\n\t\tdisplay: none;\r\n\t}\r\n}\r\n\r\n@media (max-width: 860px) {\r\n\t#slider-pro-3-2264 .sp-layer {\r\n\t\tfont-size: 18px;\r\n\t}\r\n\t\r\n\t#slider-pro-3-2264 .hide-medium-screen {\r\n\t\tdisplay: none;\r\n\t}\r\n}\r\n.slides-not-found {\r\n\tbackground-color: #a92929;\r\n\tborder-radius: 5px;\r\n\tcolor: #fff;\r\n\tfont-family: initial;\r\n\ttext-align: center;\r\n\tpadding:12px;\r\n}\r\n\/* Custom CSS *\/\r\n<\/style>\r\n\t\t<div id=\"slider-pro-3-2264\" class=\"slider-pro\">\r\n\t\t\t<!---- slides div start ---->\r\n\t\t\t<div class=\"sp-slides\">\r\n\t\t\t\t\t\t\t\t\t\t<div class=\"sp-slide\">\r\n\t\t\t\t\t\t\t<img decoding=\"async\" class=\"sp-image\" loading=\"lazy\" alt=\"Bitburger 2017\" src=\"https:\/\/www.spielmobil-konz.de\/wp-content\/plugins\/ultimate-responsive-image-slider\/assets\/css\/images\/blank.gif\" data-src=\"https:\/\/www.spielmobil-konz.de\/wp-content\/uploads\/2017\/12\/3798653_m2h800q75v59783_KIK_5475.jpg\" \/>\r\n\r\n\t\t\t\t\t\t\t\r\n\t\t\t\t\t\t\t\t\t\t\t\t\t<\/div>\r\n\t\t\t\t\t\t\t\t\t\t\t\t<div class=\"sp-slide\">\r\n\t\t\t\t\t\t\t<img decoding=\"async\" class=\"sp-image\" loading=\"lazy\" alt=\"FUN Paddler\" src=\"https:\/\/www.spielmobil-konz.de\/wp-content\/plugins\/ultimate-responsive-image-slider\/assets\/css\/images\/blank.gif\" data-src=\"https:\/\/www.spielmobil-konz.de\/wp-content\/uploads\/2016\/03\/FUNpaddler_01.jpg\" \/>\r\n\r\n\t\t\t\t\t\t\t\r\n\t\t\t\t\t\t\t\t\t\t\t\t\t<\/div>\r\n\t\t\t\t\t\t\t\t\t\t\t\t<div class=\"sp-slide\">\r\n\t\t\t\t\t\t\t<img decoding=\"async\" class=\"sp-image\" loading=\"lazy\" alt=\"Bitburger 2017\" src=\"https:\/\/www.spielmobil-konz.de\/wp-content\/plugins\/ultimate-responsive-image-slider\/assets\/css\/images\/blank.gif\" data-src=\"https:\/\/www.spielmobil-konz.de\/wp-content\/uploads\/2017\/12\/Bild14.jpg\" \/>\r\n\r\n\t\t\t\t\t\t\t\r\n\t\t\t\t\t\t\t\t\t\t\t\t\t<\/div>\r\n\t\t\t\t\t\t\t\t\t\t\t\t<div class=\"sp-slide\">\r\n\t\t\t\t\t\t\t<img decoding=\"async\" class=\"sp-image\" loading=\"lazy\" alt=\"JuNetKo - Kinderfestival Konz 2015 - rund ums Rathaus - Aqua Walking\" src=\"https:\/\/www.spielmobil-konz.de\/wp-content\/plugins\/ultimate-responsive-image-slider\/assets\/css\/images\/blank.gif\" data-src=\"https:\/\/www.spielmobil-konz.de\/wp-content\/uploads\/2017\/12\/DSC6366-Small.jpg\" \/>\r\n\r\n\t\t\t\t\t\t\t\r\n\t\t\t\t\t\t\t\t\t\t\t\t\t<\/div>\r\n\t\t\t\t\t\t\t\t\t\t\t\t<div class=\"sp-slide\">\r\n\t\t\t\t\t\t\t<img decoding=\"async\" class=\"sp-image\" loading=\"lazy\" alt=\"Turmspektakel\" src=\"https:\/\/www.spielmobil-konz.de\/wp-content\/plugins\/ultimate-responsive-image-slider\/assets\/css\/images\/blank.gif\" data-src=\"https:\/\/www.spielmobil-konz.de\/wp-content\/uploads\/2016\/03\/Turmspektakel04.jpg\" \/>\r\n\r\n\t\t\t\t\t\t\t\r\n\t\t\t\t\t\t\t\t\t\t\t\t\t<\/div>\r\n\t\t\t\t\t\t\t\t\t\t\t\t<div class=\"sp-slide\">\r\n\t\t\t\t\t\t\t<img decoding=\"async\" class=\"sp-image\" loading=\"lazy\" alt=\"Formula_1_01 [800x600]\" src=\"https:\/\/www.spielmobil-konz.de\/wp-content\/plugins\/ultimate-responsive-image-slider\/assets\/css\/images\/blank.gif\" data-src=\"https:\/\/www.spielmobil-konz.de\/wp-content\/uploads\/2016\/03\/Formula_1_01-800x600.jpg\" \/>\r\n\r\n\t\t\t\t\t\t\t\r\n\t\t\t\t\t\t\t\t\t\t\t\t\t<\/div>\r\n\t\t\t\t\t\t\t\t\t\t\t\t<div class=\"sp-slide\">\r\n\t\t\t\t\t\t\t<img decoding=\"async\" class=\"sp-image\" loading=\"lazy\" alt=\"Seifenblasen Spielplatz002\" src=\"https:\/\/www.spielmobil-konz.de\/wp-content\/plugins\/ultimate-responsive-image-slider\/assets\/css\/images\/blank.gif\" data-src=\"https:\/\/www.spielmobil-konz.de\/wp-content\/uploads\/2016\/03\/Seifenblasen-Spielplatz002.jpg\" \/>\r\n\r\n\t\t\t\t\t\t\t\r\n\t\t\t\t\t\t\t\t\t\t\t\t\t<\/div>\r\n\t\t\t\t\t\t\t\t\t\t\t\t<div class=\"sp-slide\">\r\n\t\t\t\t\t\t\t<img decoding=\"async\" class=\"sp-image\" loading=\"lazy\" alt=\"JuNetKo - Kinderfestival Konz 2015 - rund ums Rathaus - Boxenstopp\" src=\"https:\/\/www.spielmobil-konz.de\/wp-content\/plugins\/ultimate-responsive-image-slider\/assets\/css\/images\/blank.gif\" data-src=\"https:\/\/www.spielmobil-konz.de\/wp-content\/uploads\/2017\/12\/DSC6442-Small.jpg\" \/>\r\n\r\n\t\t\t\t\t\t\t\r\n\t\t\t\t\t\t\t\t\t\t\t\t\t<\/div>\r\n\t\t\t\t\t\t\t\t\t\t\t\t<div class=\"sp-slide\">\r\n\t\t\t\t\t\t\t<img decoding=\"async\" class=\"sp-image\" loading=\"lazy\" alt=\"2020_Spielmobil_Web-Foto_Pumptrack_03\" src=\"https:\/\/www.spielmobil-konz.de\/wp-content\/plugins\/ultimate-responsive-image-slider\/assets\/css\/images\/blank.gif\" data-src=\"https:\/\/www.spielmobil-konz.de\/wp-content\/uploads\/2019\/12\/2020_Spielmobil_Web-Foto_Pumptrack_03.jpg\" \/>\r\n\r\n\t\t\t\t\t\t\t\r\n\t\t\t\t\t\t\t\t\t\t\t\t\t<\/div>\r\n\t\t\t\t\t\t\t\t\t\t\t\t<div class=\"sp-slide\">\r\n\t\t\t\t\t\t\t<img decoding=\"async\" class=\"sp-image\" loading=\"lazy\" alt=\"2020_Spielmobil_Web-Foto_Pumptrack_Bike_03\" src=\"https:\/\/www.spielmobil-konz.de\/wp-content\/plugins\/ultimate-responsive-image-slider\/assets\/css\/images\/blank.gif\" data-src=\"https:\/\/www.spielmobil-konz.de\/wp-content\/uploads\/2019\/12\/2020_Spielmobil_Web-Foto_Pumptrack_Bike_03.jpg\" \/>\r\n\r\n\t\t\t\t\t\t\t\r\n\t\t\t\t\t\t\t\t\t\t\t\t\t<\/div>\r\n\t\t\t\t\t\t\t\t\t\t\t\t<div class=\"sp-slide\">\r\n\t\t\t\t\t\t\t<img decoding=\"async\" class=\"sp-image\" loading=\"lazy\" alt=\"JuNetKo - Kinderfestival Konz 2015 - rund ums Rathaus - Kinder Hochseilgarten\" src=\"https:\/\/www.spielmobil-konz.de\/wp-content\/plugins\/ultimate-responsive-image-slider\/assets\/css\/images\/blank.gif\" data-src=\"https:\/\/www.spielmobil-konz.de\/wp-content\/uploads\/2017\/12\/DSC6426-Small.jpg\" \/>\r\n\r\n\t\t\t\t\t\t\t\r\n\t\t\t\t\t\t\t\t\t\t\t\t\t<\/div>\r\n\t\t\t\t\t\t\t\t\t\t\t\t<div class=\"sp-slide\">\r\n\t\t\t\t\t\t\t<img decoding=\"async\" class=\"sp-image\" loading=\"lazy\" alt=\"Kinderhochseilgarten\" src=\"https:\/\/www.spielmobil-konz.de\/wp-content\/plugins\/ultimate-responsive-image-slider\/assets\/css\/images\/blank.gif\" data-src=\"https:\/\/www.spielmobil-konz.de\/wp-content\/uploads\/2016\/03\/Kinderhochseilgarten_02.jpg\" \/>\r\n\r\n\t\t\t\t\t\t\t\r\n\t\t\t\t\t\t\t\t\t\t\t\t\t<\/div>\r\n\t\t\t\t\t\t\t\t\t\t\t\t<div class=\"sp-slide\">\r\n\t\t\t\t\t\t\t<img decoding=\"async\" class=\"sp-image\" loading=\"lazy\" alt=\"Fotolia_161245095_L\" src=\"https:\/\/www.spielmobil-konz.de\/wp-content\/plugins\/ultimate-responsive-image-slider\/assets\/css\/images\/blank.gif\" data-src=\"https:\/\/www.spielmobil-konz.de\/wp-content\/uploads\/2020\/03\/Fotolia_161245095_L-scaled.jpg\" \/>\r\n\r\n\t\t\t\t\t\t\t\r\n\t\t\t\t\t\t\t\t\t\t\t\t\t<\/div>\r\n\t\t\t\t\t\t\t\t\t\t\t\t<div class=\"sp-slide\">\r\n\t\t\t\t\t\t\t<img decoding=\"async\" class=\"sp-image\" loading=\"lazy\" alt=\"JuNetKo - Kinderfestival Konz 2015 - rund ums Rathaus - Kistenkletterturm\" src=\"https:\/\/www.spielmobil-konz.de\/wp-content\/plugins\/ultimate-responsive-image-slider\/assets\/css\/images\/blank.gif\" data-src=\"https:\/\/www.spielmobil-konz.de\/wp-content\/uploads\/2016\/03\/Kistenklettern.jpg\" \/>\r\n\r\n\t\t\t\t\t\t\t\r\n\t\t\t\t\t\t\t\t\t\t\t\t\t<\/div>\r\n\t\t\t\t\t\t\t\t\t\t\t\t<div class=\"sp-slide\">\r\n\t\t\t\t\t\t\t<img decoding=\"async\" class=\"sp-image\" loading=\"lazy\" alt=\"Wasserbaustelle\" src=\"https:\/\/www.spielmobil-konz.de\/wp-content\/plugins\/ultimate-responsive-image-slider\/assets\/css\/images\/blank.gif\" data-src=\"https:\/\/www.spielmobil-konz.de\/wp-content\/uploads\/2016\/03\/2019-mobile-Spielaktion-Fell-Wasserbaustelle.jpg\" \/>\r\n\r\n\t\t\t\t\t\t\t\r\n\t\t\t\t\t\t\t\t\t\t\t\t\t<\/div>\r\n\t\t\t\t\t\t\t\t\t\t\t\t<div class=\"sp-slide\">\r\n\t\t\t\t\t\t\t<img decoding=\"async\" class=\"sp-image\" loading=\"lazy\" alt=\"Wadern04\" src=\"https:\/\/www.spielmobil-konz.de\/wp-content\/plugins\/ultimate-responsive-image-slider\/assets\/css\/images\/blank.gif\" data-src=\"https:\/\/www.spielmobil-konz.de\/wp-content\/uploads\/2016\/03\/Wadern04.jpg\" \/>\r\n\r\n\t\t\t\t\t\t\t\r\n\t\t\t\t\t\t\t\t\t\t\t\t\t<\/div>\r\n\t\t\t\t\t\t\t\t\t\t\t\t<div class=\"sp-slide\">\r\n\t\t\t\t\t\t\t<img decoding=\"async\" class=\"sp-image\" loading=\"lazy\" alt=\"Eisstockschie\u00dfen\" src=\"https:\/\/www.spielmobil-konz.de\/wp-content\/plugins\/ultimate-responsive-image-slider\/assets\/css\/images\/blank.gif\" data-src=\"https:\/\/www.spielmobil-konz.de\/wp-content\/uploads\/2017\/12\/Bild13.jpg\" \/>\r\n\r\n\t\t\t\t\t\t\t\r\n\t\t\t\t\t\t\t\t\t\t\t\t\t<\/div>\r\n\t\t\t\t\t\t\t\t\t\t\t\t<div class=\"sp-slide\">\r\n\t\t\t\t\t\t\t<img decoding=\"async\" class=\"sp-image\" loading=\"lazy\" alt=\"JuNetKo - Kinderfestival Konz 2019 - rund ums Rathaus -\" src=\"https:\/\/www.spielmobil-konz.de\/wp-content\/plugins\/ultimate-responsive-image-slider\/assets\/css\/images\/blank.gif\" data-src=\"https:\/\/www.spielmobil-konz.de\/wp-content\/uploads\/2020\/03\/DSC0940-Klein.jpg\" \/>\r\n\r\n\t\t\t\t\t\t\t\r\n\t\t\t\t\t\t\t\t\t\t\t\t\t<\/div>\r\n\t\t\t\t\t\t\t\t\t\t\t\t<div class=\"sp-slide\">\r\n\t\t\t\t\t\t\t<img decoding=\"async\" class=\"sp-image\" loading=\"lazy\" alt=\"Facepainting\" src=\"https:\/\/www.spielmobil-konz.de\/wp-content\/plugins\/ultimate-responsive-image-slider\/assets\/css\/images\/blank.gif\" data-src=\"https:\/\/www.spielmobil-konz.de\/wp-content\/uploads\/2020\/03\/iStock_000006278519Small.jpg\" \/>\r\n\r\n\t\t\t\t\t\t\t\r\n\t\t\t\t\t\t\t\t\t\t\t\t\t<\/div>\r\n\t\t\t\t\t\t\t\t\t\t\t\t<div class=\"sp-slide\">\r\n\t\t\t\t\t\t\t<img decoding=\"async\" class=\"sp-image\" loading=\"lazy\" alt=\"2019_Spielmobil_WebFoto_Schwungtuch-01\" src=\"https:\/\/www.spielmobil-konz.de\/wp-content\/plugins\/ultimate-responsive-image-slider\/assets\/css\/images\/blank.gif\" data-src=\"https:\/\/www.spielmobil-konz.de\/wp-content\/uploads\/2016\/03\/2019_Spielmobil_WebFoto_Schwungtuch-01.jpg\" \/>\r\n\r\n\t\t\t\t\t\t\t\r\n\t\t\t\t\t\t\t\t\t\t\t\t\t<\/div>\r\n\t\t\t\t\t\t\t\t\t\t\t\t<div class=\"sp-slide\">\r\n\t\t\t\t\t\t\t<img decoding=\"async\" class=\"sp-image\" loading=\"lazy\" alt=\"2018_Spielmobil_Artikelfoto_Fu\u00dfball Bubble\" src=\"https:\/\/www.spielmobil-konz.de\/wp-content\/plugins\/ultimate-responsive-image-slider\/assets\/css\/images\/blank.gif\" data-src=\"https:\/\/www.spielmobil-konz.de\/wp-content\/uploads\/2018\/01\/2018_Spielmobil_Artikelfoto_Fu\u00dfball-Bubble.jpg\" \/>\r\n\r\n\t\t\t\t\t\t\t\r\n\t\t\t\t\t\t\t\t\t\t\t\t\t<\/div>\r\n\t\t\t\t\t\t\t\t\t\t\t\t<div class=\"sp-slide\">\r\n\t\t\t\t\t\t\t<img decoding=\"async\" class=\"sp-image\" loading=\"lazy\" alt=\"2022 Eisstockschiessen Location 01\" src=\"https:\/\/www.spielmobil-konz.de\/wp-content\/plugins\/ultimate-responsive-image-slider\/assets\/css\/images\/blank.gif\" data-src=\"https:\/\/www.spielmobil-konz.de\/wp-content\/uploads\/2022\/12\/2022-Eisstockschiessen-Location-01.jpg\" \/>\r\n\r\n\t\t\t\t\t\t\t\r\n\t\t\t\t\t\t\t\t\t\t\t\t\t<\/div>\r\n\t\t\t\t\t\t\t\t\t\t\t\t<div class=\"sp-slide\">\r\n\t\t\t\t\t\t\t<img decoding=\"async\" class=\"sp-image\" loading=\"lazy\" alt=\"2022 Eisstockschiessen Location 00\" src=\"https:\/\/www.spielmobil-konz.de\/wp-content\/plugins\/ultimate-responsive-image-slider\/assets\/css\/images\/blank.gif\" data-src=\"https:\/\/www.spielmobil-konz.de\/wp-content\/uploads\/2022\/12\/2022-Eisstockschiessen-Location-00.jpg\" \/>\r\n\r\n\t\t\t\t\t\t\t\r\n\t\t\t\t\t\t\t\t\t\t\t\t\t<\/div>\r\n\t\t\t\t\t\t\t\t\t<\/div>\r\n\t\t\t\r\n\t\t\t<!---- slides div end ---->\r\n\t\t\t\t\t\t<!-- slides thumbnails div end -->\r\n\t\t<\/div>\r\n\n<p><span style=\"font-size: 20px; color: #ff0000;\">Sie planen ein Event, eine Feier oder ein Fest?<br \/>\n<\/span>Egal ob Firmenevent, Aktionstag, Stadtfest, Dorf-, Vereins-, Familienfeier oder einer Gro\u00dfveranstaltung \u2013 wir sind Ihr Ansprechpartner f\u00fcr spielerische Erlebnisse.<\/p>\n<ul>\n<li>Wir bereichern Ihr Event \/ Ihre Veranstaltung mit unseren au\u00dfergew\u00f6hnlichen Spiel- und Erlebnismodulen<\/li>\n<li>Wir vermieten Event-, Spiel- und Sportmodule f\u00fcr den Selbstbetrieb<\/li>\n<li>Wir bieten passgenaue Kreativ- und Animationsprogramme f\u00fcr Ihre Veranstaltung<\/li>\n<li>Wir \u00fcbernehmen, wenn gew\u00fcnscht die Anlieferung, den Aufbau und die Betreuung der Eventmodule durch unsere erfahrenen TEAMERinnen<\/li>\n<li>Bei uns finden Sie zus\u00e4tzliches Eventequipment zur Produktion f\u00fcr Ihre Veranstaltung<\/li>\n<\/ul>\n<p>Wir beraten Sie gerne in der Gestaltung und Auswahl Ihrer Event-, Spiel- und Sportmodule sowie der Konzeptentwicklung f\u00fcr Ihre Veranstaltung.<\/p>\n","protected":false},"excerpt":{"rendered":"<p>HERZLICH WILLKOMMEN beim Spielmobil Konz Sie planen ein Event, eine Feier oder ein Fest? Egal ob Firmenevent, Aktionstag, Stadtfest, Dorf-, Vereins-, Familienfeier oder einer Gro\u00dfveranstaltung \u2013 wir sind Ihr Ansprechpartner f\u00fcr spielerische Erlebnisse. Wir bereichern Ihr Event \/ Ihre Veranstaltung mit unseren au\u00dfergew\u00f6hnlichen Spiel- und Erlebnismodulen Wir vermieten Event-, Spiel- und Sportmodule f\u00fcr den Selbstbetrieb [&hellip;]<\/p>\n","protected":false},"author":1,"featured_media":0,"parent":0,"menu_order":0,"comment_status":"closed","ping_status":"closed","template":"","meta":{"footnotes":""},"_links":{"self":[{"href":"https:\/\/www.spielmobil-konz.de\/index.php?rest_route=\/wp\/v2\/pages\/2184"}],"collection":[{"href":"https:\/\/www.spielmobil-konz.de\/index.php?rest_route=\/wp\/v2\/pages"}],"about":[{"href":"https:\/\/www.spielmobil-konz.de\/index.php?rest_route=\/wp\/v2\/types\/page"}],"author":[{"embeddable":true,"href":"https:\/\/www.spielmobil-konz.de\/index.php?rest_route=\/wp\/v2\/users\/1"}],"replies":[{"embeddable":true,"href":"https:\/\/www.spielmobil-konz.de\/index.php?rest_route=%2Fwp%2Fv2%2Fcomments&post=2184"}],"version-history":[{"count":24,"href":"https:\/\/www.spielmobil-konz.de\/index.php?rest_route=\/wp\/v2\/pages\/2184\/revisions"}],"predecessor-version":[{"id":3115,"href":"https:\/\/www.spielmobil-konz.de\/index.php?rest_route=\/wp\/v2\/pages\/2184\/revisions\/3115"}],"wp:attachment":[{"href":"https:\/\/www.spielmobil-konz.de\/index.php?rest_route=%2Fwp%2Fv2%2Fmedia&parent=2184"}],"curies":[{"name":"wp","href":"https:\/\/api.w.org\/{rel}","templated":true}]}}