{"id":1735,"date":"2016-05-12T23:19:44","date_gmt":"2016-05-12T23:19:44","guid":{"rendered":"http:\/\/www.spielmobil-konz.de\/?page_id=1735"},"modified":"2017-12-19T15:59:49","modified_gmt":"2017-12-19T14:59:49","slug":"spielen-mit-der-maus-und-dem-maulwurf","status":"publish","type":"page","link":"https:\/\/www.spielmobil-konz.de\/?page_id=1735","title":{"rendered":"Spielen mit der Maus und dem Maulwurf"},"content":{"rendered":"<table style=\"width: 658px;\">\n<tbody>\n<tr>\n<td><strong>Die Figuren aus dem Fernsehen hautnah erleben: Das war die Sensation beim Kinderfestival in der Konzer Innenstadt am gestrigen Sonntag. Die Maus und der Maulwurf wurden sofort umringt und umarmt. Rund ums Rathaus konnten Kinder bei 63 Angeboten Abenteuer erleben, klettern und Geschicklichkeit beweisen. Das war aber nicht das einzige Ereignis des Tages.<\/strong><\/td>\n<\/tr>\n<tr>\n<td><div id=\"attachment_1736\" style=\"width: 688px\" class=\"wp-caption aligncenter\"><img loading=\"lazy\" decoding=\"async\" aria-describedby=\"caption-attachment-1736\" class=\"wp-image-1736 size-full\" src=\"http:\/\/www.spielmobil-konz.de\/wp-content\/uploads\/2016\/05\/TV220914.jpg\" alt=\"Kinderfestival Konz 2014\" width=\"678\" height=\"452\" srcset=\"https:\/\/www.spielmobil-konz.de\/wp-content\/uploads\/2016\/05\/TV220914.jpg 678w, https:\/\/www.spielmobil-konz.de\/wp-content\/uploads\/2016\/05\/TV220914-250x167.jpg 250w, https:\/\/www.spielmobil-konz.de\/wp-content\/uploads\/2016\/05\/TV220914-300x200.jpg 300w\" sizes=\"(max-width: 678px) 100vw, 678px\" \/><p id=\"caption-attachment-1736\" class=\"wp-caption-text\">Fernsehstars zum Anfassen: Die Figuren aus der Sendung mit der Maus lassen sich Feier in Konz nicht entgehen.<\/p><\/div><\/td>\n<\/tr>\n<tr>\n<td><strong>(Konz)<\/strong> Klettern, baggern, toben: Die kleinen Besucher beim Konzer Kinderfestival konnten am Sonntag jede Menge Abenteuer erleben. Die Stars der dritten Auflage dieses Festes f\u00fcr die jungen B\u00fcrger waren diesmal die Maus und der Maulwurf aus den beliebten Kindersendungen im Fernsehen.<\/p>\n<p>B\u00fcrgermeister Karl-Heinz Frieden sah neben der Arbeit f\u00fcr die junge Generation an diesem Tag einen weiteren wichtigen Aspekt: &#8220;Hier zeigt sich, was das Ehrenamt leisten kann.&#8221; Dieser Schatz m\u00fcsse gehoben werden. 63 Angebote von Kultur, Sport, Musik und Hilfsorganisationen gruppierten sich rund ums Rathaus und auf dem Saar-Mosel-Platz. Rund 8000 Kinder und ihre Eltern waren gekommen und lie\u00dfen auch sich nicht von unbest\u00e4ndigem Wetter abschrecken.<\/td>\n<\/tr>\n<tr>\n<td><strong>Eine Stadt f\u00fcr Familien<\/strong><\/td>\n<\/tr>\n<tr>\n<td>Das Jugendnetzwerk Konz (Junetko), Stadtmarketing und die Verbandsgemeinde taten sich vor drei Jahren zusammen, um diese Gro\u00dfveranstaltung zu stemmen. Dass Konz sich heute als kinder- und familienfreundliche Kommune anbietet, sieht der Vorsitzende der Konzer-Doktor-B\u00fcrgerstiftung, Hartmut Schwiering, als Ergebnis der Arbeit dieser Institution: &#8220;Alle Kinder sind f\u00f6rderungsw\u00fcrdig, ob mit oder ohne Migrationshintergrund.&#8221; Bildung sei der Schl\u00fcssel zum Leben und immer ein Gewinn. Deshalb gab es an diesem Stand wohl auch ein Gl\u00fccksrad. &#8220;Diese Veranstaltung ist gut f\u00fcr Konz und die Kinder&#8221;, stellte der Vorsitzende des Stadtmarketing, Ernst Holbach, fest. Wo Kinder sich wohlf\u00fchlen, sei die Welt in Ordnung. Schlie\u00dflich seien die Kinder ja die Kunden von morgen. Rund 30 Gesch\u00e4fte hatten ihre Pforten an diesem Sonntag ge\u00f6ffnet.Zus\u00e4tzlich lie\u00dfen sich die Inhaber etwas f\u00fcr Kinder einfallen. Frank (33) aus Trier war mit seiner Familie nach Konz gekommen. Der Grund: &#8220;Das gro\u00dfe Kletterangebot bringt meinen Kindern mehr Selbstbewusstsein.&#8221;<\/td>\n<\/tr>\n<tr>\n<td><strong>Ein Foto mit den Helden<\/strong><\/td>\n<\/tr>\n<tr>\n<td>Katja Biwer (34) aus Oberbillig freute sich, ihre Kinder mit der Maus und dem Maulwurf fotografieren zu k\u00f6nnen: &#8220;Die beiden sieht man ja sonst nur im Fernsehen.&#8221; Stadtmarketing-Vorsitzender Holbach war stolz: &#8220;Wir zeigen hier, dass wir in Zusammenarbeit mit der Verbandsgemeinde und Junetko eine solche Gro\u00dfveranstaltung anbieten k\u00f6nnen.&#8221; Die Kunden sollten ja von Konz und den Gesch\u00e4ften nur gute Erinnerungen behalten.<\/td>\n<\/tr>\n<tr>\n<td>\u00a0<\/td>\n<\/tr>\n<tr>\n<td>Trierischer Volskfreund vom 22.09.2014<\/td>\n<\/tr>\n<\/tbody>\n<\/table>\n<p>&nbsp;<\/p>\n","protected":false},"excerpt":{"rendered":"<p>Die Figuren aus dem Fernsehen hautnah erleben: Das war die Sensation beim Kinderfestival in der Konzer Innenstadt am gestrigen Sonntag. Die Maus und der Maulwurf wurden sofort umringt und umarmt. Rund ums Rathaus konnten Kinder bei 63 Angeboten Abenteuer erleben, klettern und Geschicklichkeit beweisen. Das war aber nicht das einzige Ereignis des Tages. (Konz) Klettern, [&hellip;]<\/p>\n","protected":false},"author":4,"featured_media":0,"parent":238,"menu_order":7,"comment_status":"closed","ping_status":"closed","template":"","meta":{"footnotes":""},"_links":{"self":[{"href":"https:\/\/www.spielmobil-konz.de\/index.php?rest_route=\/wp\/v2\/pages\/1735"}],"collection":[{"href":"https:\/\/www.spielmobil-konz.de\/index.php?rest_route=\/wp\/v2\/pages"}],"about":[{"href":"https:\/\/www.spielmobil-konz.de\/index.php?rest_route=\/wp\/v2\/types\/page"}],"author":[{"embeddable":true,"href":"https:\/\/www.spielmobil-konz.de\/index.php?rest_route=\/wp\/v2\/users\/4"}],"replies":[{"embeddable":true,"href":"https:\/\/www.spielmobil-konz.de\/index.php?rest_route=%2Fwp%2Fv2%2Fcomments&post=1735"}],"version-history":[{"count":1,"href":"https:\/\/www.spielmobil-konz.de\/index.php?rest_route=\/wp\/v2\/pages\/1735\/revisions"}],"predecessor-version":[{"id":2206,"href":"https:\/\/www.spielmobil-konz.de\/index.php?rest_route=\/wp\/v2\/pages\/1735\/revisions\/2206"}],"up":[{"embeddable":true,"href":"https:\/\/www.spielmobil-konz.de\/index.php?rest_route=\/wp\/v2\/pages\/238"}],"wp:attachment":[{"href":"https:\/\/www.spielmobil-konz.de\/index.php?rest_route=%2Fwp%2Fv2%2Fmedia&parent=1735"}],"curies":[{"name":"wp","href":"https:\/\/api.w.org\/{rel}","templated":true}]}}