{"id":1730,"date":"2016-05-12T23:09:59","date_gmt":"2016-05-12T23:09:59","guid":{"rendered":"http:\/\/www.spielmobil-konz.de\/?page_id=1730"},"modified":"2016-05-12T23:09:59","modified_gmt":"2016-05-12T23:09:59","slug":"spiel-spass-und-gesunde-ernaehrung","status":"publish","type":"page","link":"https:\/\/www.spielmobil-konz.de\/?page_id=1730","title":{"rendered":"Spiel, Spa\u00df und gesunde Ern\u00e4hrung"},"content":{"rendered":"<table style=\"width: 658px;\">\n<tbody>\n<tr>\n<td style=\"width: 10px;\">\n<p><strong>(Konz)<\/strong> Zu gesunder Ern\u00e4hrung f\u00fcr junge Sportler, Bewegung, Entspannung und Spa\u00df l\u00e4dt der SV Konz f\u00fcr kommenden Mittwoch, 24. September, ab 15.30 Uhr alle Kinder und Jugendlichen mit ihren Familien ein. Tipps f\u00fcr gesunde Ern\u00e4hrung, Apfelpfannkuchen und Smoothies gibt es am Stadion vom Kochbus des rheinland-pf\u00e4lzischen Landwirtschaftsministeriums.<\/p>\n<div id=\"ar_text\">Bei der Herstellung der gesunden Speisen und Getr\u00e4nke werden vornehmlich regionale Produkte, wie \u00c4pfel, Honig und Traubensaft verwendet. Die Bewegungsbaustelle kommt mit dem feuerroten Spielmobil des Jugendnetzwerkes Konz.<br class=\"absatz\" \/> Kinder- und Jugendarbeit wird im SV Konz schon seit Jahrzehnten gro\u00df geschrieben. Etwa 200 Kinder und Jugendliche spielen derzeit in zehn Mannschaften beim SV. Nun m\u00f6chte sich der Verein mit der Entwicklung eines neuen Jugendf\u00f6rderkonzepts den Herausforderungen des gesellschaftlichen Wandels stellen. Dazu geh\u00f6ren auch Themen wie Ern\u00e4hrung, Kommunikation und Bewegung. red<\/div>\n<\/td>\n<\/tr>\n<tr>\n<td style=\"width: 10px;\">\u00a0<\/td>\n<\/tr>\n<tr>\n<td style=\"width: 10px;\">Trierischer Volksfreund vom 22.09.2014<\/td>\n<\/tr>\n<tr>\n<td style=\"width: 10px;\">\u00a0<\/td>\n<\/tr>\n<tr>\n<td style=\"width: 10px;\">\u00a0<\/td>\n<\/tr>\n<tr>\n<td style=\"width: 10px;\">\u00a0<\/td>\n<\/tr>\n<\/tbody>\n<\/table>\n<p>&nbsp;<\/p>\n","protected":false},"excerpt":{"rendered":"<p>(Konz) Zu gesunder Ern\u00e4hrung f\u00fcr junge Sportler, Bewegung, Entspannung und Spa\u00df l\u00e4dt der SV Konz f\u00fcr kommenden Mittwoch, 24. September, ab 15.30 Uhr alle Kinder und Jugendlichen mit ihren Familien ein. Tipps f\u00fcr gesunde Ern\u00e4hrung, Apfelpfannkuchen und Smoothies gibt es am Stadion vom Kochbus des rheinland-pf\u00e4lzischen Landwirtschaftsministeriums. Bei der Herstellung der gesunden Speisen und Getr\u00e4nke [&hellip;]<\/p>\n","protected":false},"author":4,"featured_media":0,"parent":238,"menu_order":0,"comment_status":"closed","ping_status":"closed","template":"","meta":{"footnotes":""},"_links":{"self":[{"href":"https:\/\/www.spielmobil-konz.de\/index.php?rest_route=\/wp\/v2\/pages\/1730"}],"collection":[{"href":"https:\/\/www.spielmobil-konz.de\/index.php?rest_route=\/wp\/v2\/pages"}],"about":[{"href":"https:\/\/www.spielmobil-konz.de\/index.php?rest_route=\/wp\/v2\/types\/page"}],"author":[{"embeddable":true,"href":"https:\/\/www.spielmobil-konz.de\/index.php?rest_route=\/wp\/v2\/users\/4"}],"replies":[{"embeddable":true,"href":"https:\/\/www.spielmobil-konz.de\/index.php?rest_route=%2Fwp%2Fv2%2Fcomments&post=1730"}],"version-history":[{"count":0,"href":"https:\/\/www.spielmobil-konz.de\/index.php?rest_route=\/wp\/v2\/pages\/1730\/revisions"}],"up":[{"embeddable":true,"href":"https:\/\/www.spielmobil-konz.de\/index.php?rest_route=\/wp\/v2\/pages\/238"}],"wp:attachment":[{"href":"https:\/\/www.spielmobil-konz.de\/index.php?rest_route=%2Fwp%2Fv2%2Fmedia&parent=1730"}],"curies":[{"name":"wp","href":"https:\/\/api.w.org\/{rel}","templated":true}]}}