{"id":1708,"date":"2016-05-12T21:49:10","date_gmt":"2016-05-12T21:49:10","guid":{"rendered":"http:\/\/www.spielmobil-konz.de\/?page_id=1708"},"modified":"2016-05-12T21:49:10","modified_gmt":"2016-05-12T21:49:10","slug":"spielmobil-konz-wird-spieltagspartner-der-gladiators-trier","status":"publish","type":"page","link":"https:\/\/www.spielmobil-konz.de\/?page_id=1708","title":{"rendered":"Spielmobil Konz wird Spieltagspartner der Gladiators Trier"},"content":{"rendered":"<table style=\"width: 658px;\">\n<tbody>\n<tr>\n<td><strong>Die Basketballer aus der Moselstadt haben einen weiteren Partner f\u00fcr die Gestaltung der Heimspieltage an sich gebunden: Das Spielmobil Konz wird diese Saison die Spiele der Gladiatoren mitgestalten.<\/strong><\/td>\n<\/tr>\n<tr>\n<td>\n<p>Seit mehreren Jahren vermittelt das Eventunternehmen spielerische Erlebnisse f\u00fcr Kinder und Erwachsene w\u00e4hrend der Partien der Trierer Basketballer. Eltern und Begleitpersonen haben die M\u00f6glichkeit, ihre Sch\u00fctzlinge in die Obhut des Spielmobil-Personals zu geben und sorgenlos das Geschehen auf dem Parkett zu verfolgen.<\/p>\n<p>Wie in den vergangenen Spielzeiten, wird der aus Konz stammende Partner weiterhin in der eigens geschaffenen Spielecke hinter den Bl\u00f6cken Q und A zu finden sein.<\/p>\n<p>Dietmar Grundheber, Gesch\u00e4ftsf\u00fchrer des Jugendnetzwerks Konz, aus dem das Spielmobil hervorgeht, freut sich auf die kommende Saison in der 2. Basketball-Bundesliga: \u201eWir sind stolz, dass wir auch dieses Jahr wieder unseren Teil zum Gesamtpaket \u201eSpieltag&#8221; beim Trierer Basketball beitragen k\u00f6nnen. Durch die gute Zusammenarbeit mit den Gladiators haben wir weiterhin die Chance, den Kindern ein spielerisches Erlebnis in der Arena Trier zu bieten.&#8221;<\/p>\n<p>Michael Lang, Manager der Moselst\u00e4dter, freut sich auf die zus\u00e4tzliche Attraktion in der Arena: \u201eDas Spielmobil Konz stellt ein weiteres Highlight des Spieltagskonzepts dar und wird allen Besuchern gro\u00dfe Freude bereiten. Die Spielecke ist ein von den Fans gew\u00fcnschter Bestandteil unserer Veranstaltung.&#8221;<\/p>\n<\/td>\n<\/tr>\n<tr>\n<td>\u00a0<\/td>\n<\/tr>\n<tr>\n<td>\u00a0<\/td>\n<\/tr>\n<\/tbody>\n<\/table>\n<p>&nbsp;<\/p>\n","protected":false},"excerpt":{"rendered":"<p>Die Basketballer aus der Moselstadt haben einen weiteren Partner f\u00fcr die Gestaltung der Heimspieltage an sich gebunden: Das Spielmobil Konz wird diese Saison die Spiele der Gladiatoren mitgestalten. Seit mehreren Jahren vermittelt das Eventunternehmen spielerische Erlebnisse f\u00fcr Kinder und Erwachsene w\u00e4hrend der Partien der Trierer Basketballer. Eltern und Begleitpersonen haben die M\u00f6glichkeit, ihre Sch\u00fctzlinge in [&hellip;]<\/p>\n","protected":false},"author":4,"featured_media":0,"parent":238,"menu_order":3,"comment_status":"closed","ping_status":"closed","template":"","meta":{"footnotes":""},"_links":{"self":[{"href":"https:\/\/www.spielmobil-konz.de\/index.php?rest_route=\/wp\/v2\/pages\/1708"}],"collection":[{"href":"https:\/\/www.spielmobil-konz.de\/index.php?rest_route=\/wp\/v2\/pages"}],"about":[{"href":"https:\/\/www.spielmobil-konz.de\/index.php?rest_route=\/wp\/v2\/types\/page"}],"author":[{"embeddable":true,"href":"https:\/\/www.spielmobil-konz.de\/index.php?rest_route=\/wp\/v2\/users\/4"}],"replies":[{"embeddable":true,"href":"https:\/\/www.spielmobil-konz.de\/index.php?rest_route=%2Fwp%2Fv2%2Fcomments&post=1708"}],"version-history":[{"count":0,"href":"https:\/\/www.spielmobil-konz.de\/index.php?rest_route=\/wp\/v2\/pages\/1708\/revisions"}],"up":[{"embeddable":true,"href":"https:\/\/www.spielmobil-konz.de\/index.php?rest_route=\/wp\/v2\/pages\/238"}],"wp:attachment":[{"href":"https:\/\/www.spielmobil-konz.de\/index.php?rest_route=%2Fwp%2Fv2%2Fmedia&parent=1708"}],"curies":[{"name":"wp","href":"https:\/\/api.w.org\/{rel}","templated":true}]}}