{"id":1632,"date":"2016-05-12T18:44:58","date_gmt":"2016-05-12T18:44:58","guid":{"rendered":"http:\/\/www.spielmobil-konz.de\/?page_id=1632"},"modified":"2017-12-19T15:59:46","modified_gmt":"2017-12-19T14:59:46","slug":"tanzmaeuse-aus-schweich-bezaubern-jung-und-alt","status":"publish","type":"page","link":"https:\/\/www.spielmobil-konz.de\/?page_id=1632","title":{"rendered":"Tanzm\u00e4use aus Schweich bezaubern Jung und Alt"},"content":{"rendered":"<table style=\"width: 678px; height: 1008px;\">\n<tbody>\n<tr style=\"height: 72px;\">\n<td style=\"height: 72px; width: 688px;\" colspan=\"2\"><strong>Im Beisein von mehreren Fl\u00fcchlingsfamilien, die in Schweich wohnen, haben die Tanzm\u00e4use des Heimat- und Verkehrsvereins einen Kinderaktionsnachmittag im B\u00fcrgerhaus veranstaltet. Weitere Aktionen sollen folgen.<\/strong><\/td>\n<\/tr>\n<tr style=\"height: 400px;\">\n<td style=\"height: 400px; width: 688px;\" colspan=\"2\"><div id=\"attachment_1664\" style=\"width: 688px\" class=\"wp-caption alignnone\"><img loading=\"lazy\" decoding=\"async\" aria-describedby=\"caption-attachment-1664\" class=\"wp-image-1664 size-full\" src=\"http:\/\/www.spielmobil-konz.de\/wp-content\/uploads\/2016\/05\/2016.04.15-TV-Tanzmause_Schweich.jpg\" alt=\"2016.04.15 TV Tanzmause_Schweich\" width=\"678\" height=\"382\" srcset=\"https:\/\/www.spielmobil-konz.de\/wp-content\/uploads\/2016\/05\/2016.04.15-TV-Tanzmause_Schweich.jpg 678w, https:\/\/www.spielmobil-konz.de\/wp-content\/uploads\/2016\/05\/2016.04.15-TV-Tanzmause_Schweich-250x141.jpg 250w, https:\/\/www.spielmobil-konz.de\/wp-content\/uploads\/2016\/05\/2016.04.15-TV-Tanzmause_Schweich-300x169.jpg 300w\" sizes=\"(max-width: 678px) 100vw, 678px\" \/><p id=\"caption-attachment-1664\" class=\"wp-caption-text\"><span style=\"font-size: 12px;\">Die Schweicher Tanzm\u00e4use tanzen im Foyer des B\u00fcrgerzentrums auf Nenas Song &#8220;99 Luftballons&#8221;. Foto: Privat (h_t)<\/span><\/p><\/div><\/td>\n<\/tr>\n<tr style=\"height: 400px;\">\n<td style=\"height: 400px; vertical-align: top; width: 688px;\" colspan=\"2\">\n<p><strong>Schweich.<\/strong> &#8220;Kindertr\u00e4ume kinderleicht&#8221; lautete k\u00fcrzlich das Motto im Foyer des B\u00fcrgerzentrums. Eingeladen hatten die Tanzm\u00e4use des Heimat- und Verkehrsvereins unter der Leitung von Sonja Storz.<br \/><br class=\"absatz\" \/> Schirmherr B\u00fcrgermeister Lars Rieger war von dem Nachmittag so begeistert, dass er sich spontan bereit erkl\u00e4rte, weitere Aktionen dieser Art f\u00fcr Kinder in der Moselstadt zu unterst\u00fctzen. Auch Fl\u00fcchtlingsfamilien waren gekommen und erlebten eine Kinderdisco, Tanzvorf\u00fchrungen, eine Spielecke und das <span style=\"color: #ff0000;\">Spielmobil aus Konz<\/span>. Die gespendeten Spielsachen durften Fl\u00fcchtlingskinder anschlie\u00dfend mitnehmen. Speisen und Getr\u00e4nke waren zum familienfreundlichen Preis von einem Euro zu haben.<\/p>\n<p>Mit zwei wunderbaren Tanzvorf\u00fchrungen haben die Tanzm\u00e4use die Herzen der Zuschauer erobert. Unter anderem wurde der Song &#8220;99 Luftballons&#8221; von Nena als Tanz dargeboten.<br class=\"absatz\" \/> Nach Mitteilung von Sonja Storz kommt der Erl\u00f6s der Veranstaltung Fl\u00fcchtlingsfamilien aus der Verbandsgemeinde Schweich zugute.<\/p>\n<p>&#8220;Ich bin sehr gl\u00fccklich, dass der Nachmittag so prima gelaufen ist, ich habe sehr viel Herzblut dort hineingesteckt und ganz tolle und engagierte Helfer gehabt.&#8221; Es soll nicht die letzte Veranstaltung unter diesem Motto gewesen sein, sind sich die Entertainerin und der Stadtb\u00fcrgermeister einig. red\/alf<\/p>\n<\/td>\n<\/tr>\n<tr style=\"height: 400px;\">\n<td style=\"width: 688px; height: 18px; vertical-align: top;\" colspan=\"2\">Trierischer Volksfreund vom 15.06.2016<\/td>\n<\/tr>\n<\/tbody>\n<\/table>\n","protected":false},"excerpt":{"rendered":"<p>Im Beisein von mehreren Fl\u00fcchlingsfamilien, die in Schweich wohnen, haben die Tanzm\u00e4use des Heimat- und Verkehrsvereins einen Kinderaktionsnachmittag im B\u00fcrgerhaus veranstaltet. Weitere Aktionen sollen folgen. Schweich. &#8220;Kindertr\u00e4ume kinderleicht&#8221; lautete k\u00fcrzlich das Motto im Foyer des B\u00fcrgerzentrums. Eingeladen hatten die Tanzm\u00e4use des Heimat- und Verkehrsvereins unter der Leitung von Sonja Storz. Schirmherr B\u00fcrgermeister Lars Rieger war [&hellip;]<\/p>\n","protected":false},"author":4,"featured_media":0,"parent":238,"menu_order":0,"comment_status":"closed","ping_status":"closed","template":"","meta":{"footnotes":""},"_links":{"self":[{"href":"https:\/\/www.spielmobil-konz.de\/index.php?rest_route=\/wp\/v2\/pages\/1632"}],"collection":[{"href":"https:\/\/www.spielmobil-konz.de\/index.php?rest_route=\/wp\/v2\/pages"}],"about":[{"href":"https:\/\/www.spielmobil-konz.de\/index.php?rest_route=\/wp\/v2\/types\/page"}],"author":[{"embeddable":true,"href":"https:\/\/www.spielmobil-konz.de\/index.php?rest_route=\/wp\/v2\/users\/4"}],"replies":[{"embeddable":true,"href":"https:\/\/www.spielmobil-konz.de\/index.php?rest_route=%2Fwp%2Fv2%2Fcomments&post=1632"}],"version-history":[{"count":1,"href":"https:\/\/www.spielmobil-konz.de\/index.php?rest_route=\/wp\/v2\/pages\/1632\/revisions"}],"predecessor-version":[{"id":2202,"href":"https:\/\/www.spielmobil-konz.de\/index.php?rest_route=\/wp\/v2\/pages\/1632\/revisions\/2202"}],"up":[{"embeddable":true,"href":"https:\/\/www.spielmobil-konz.de\/index.php?rest_route=\/wp\/v2\/pages\/238"}],"wp:attachment":[{"href":"https:\/\/www.spielmobil-konz.de\/index.php?rest_route=%2Fwp%2Fv2%2Fmedia&parent=1632"}],"curies":[{"name":"wp","href":"https:\/\/api.w.org\/{rel}","templated":true}]}}